{"id":326,"date":"2013-04-23T13:33:33","date_gmt":"2013-04-23T12:33:33","guid":{"rendered":"http:\/\/gewerbeverein-lindenhof.de\/?page_id=326"},"modified":"2013-04-24T13:03:21","modified_gmt":"2013-04-24T12:03:21","slug":"satzung","status":"publish","type":"page","link":"https:\/\/gewerbeverein-lindenhof.de\/?page_id=326","title":{"rendered":"Satzung"},"content":{"rendered":"<div class=\"fcbkbttn_buttons_block\" id=\"fcbkbttn_left\"><div class=\"fcbkbttn_like \"><fb:like href=\"https:\/\/gewerbeverein-lindenhof.de\/?page_id=326\" action=\"like\" colorscheme=\"light\" layout=\"button_count\"  size=\"small\"><\/fb:like><\/div><\/div><p><strong>Satzung des Vereins \u201eInteressen-Gemeinschaft Einzelhandel Lin\u00addenhof (IGEL)&#8221;<\/strong><\/p>\n<p><strong>\u00a7 1 <\/strong><span style=\"text-decoration: underline;\">Name und Sitz<\/span><\/p>\n<ol>\n<li>Der Verein f\u00fchrt den Namen &#8220;Interessen-Gemeinschaft Einzel\u00adhandel Lindenhof e. V.&#8221;. Er soll in das Vereinsregister eingetragen werden.<\/li>\n<li>Der Verein hat seinen Sitz in Mannheim-Lindenhof und er\u00adstreckt seine T\u00e4tigkeit auf den Stadtteil Mannheim-Lindenhof und sein Einzugsgebiet.<\/li>\n<li>Gesch\u00e4ftsjahr ist das Kalenderjahr.<\/li>\n<\/ol>\n<p><strong>\u00a7 2 <\/strong><span style=\"text-decoration: underline;\">Vereinszweck<\/span><\/p>\n<ol>\n<li>Der Verein setzt sich zur Aufgabe, nach dem Grundsatz der konfessionellen und beruflichen Gesichtspunkten in Zusammen\u00adarbeit aller am Wohl des Stadtteils Mannheim-Lindenhof inter\u00adessierten Kr\u00e4fte, insbesondere des Handels und Handwerks, der Industrie, der Banken, des Gastst\u00e4ttengewerbes und der st\u00e4d\u00adtischen Beh\u00f6rden und sonstigen Institutionen durch allgemein ansprechende Ma\u00dfnahmen und Aktionen (wie z. B. Werbeaktionen) das allgemeine Wohlergehen zu f\u00f6rdern und dadurch die Anzie\u00adhungskraft des Stadtteils Mannheim-Lindenhof zu erhalten und zu st\u00e4rken. Er verfolgt diese Ziele ausschlie\u00dflich und unmit\u00adtelbar, durch eigenes Wirken. Ein wirtschaftlicher Gesch\u00e4fts\u00adbetrieb wird nicht bezweckt. Eine Gewinnerzielung ist nicht beabsichtigt. Etwaige Gewinne d\u00fcrfen nur f\u00fcr die satzungsge\u00adm\u00e4\u00dfen Zwecke Verwendung finden.<\/li>\n<li>Alle Inhaber von Vereins\u00e4mtern sind ehrenamtlich t\u00e4tig.<\/li>\n<\/ol>\n<p><strong>\u00a7 3 <\/strong><span style=\"text-decoration: underline;\">Mitgliedschaft<\/span><\/p>\n<ol>\n<li>Die Mitgliedschaft k\u00f6nnen nat\u00fcrliche und juristische Perso\u00adnen, Personenzusammenschl\u00fcsse und Handelsgesellschaften er\u00adwerben, die ihren Wohn- bzw. Gesch\u00e4ftssitz oder ihre Filiale in dem Stadtteil Mannheim-Lindenhof und seinem Einzugsgebiet, haben.<\/li>\n<li>Alle Mitglieder sind gleichberechtigt. Sonderrechte an ein\u00adzelne Mitglieder d\u00fcrfen nicht gew\u00e4hrt werden.<\/li>\n<li>Jedes Mitglied hat das Recht, nach Ma\u00dfgabe der Satzung an der Gestaltung des Vereins mitzuarbeiten. Es hat insbesondere das Recht, an der Mitgliederversammlung teilzunehmen und das Stimmrecht auszu\u00fcben.<\/li>\n<li>Der Antrag auf Mitgliedschaft ist schriftlich an den Vorstand zu richten. \u00dcber die Aufnahme entscheidet der Vorstand ohne Angabe von Gr\u00fcnden. Die Mitgliedschaft beginnt mit Eingang der unterzeichneten Beitrittserkl\u00e4rung.<\/li>\n<li>Die Mitgliedschaft erlischt durch Tod oder Liquidation der Firma. Der freiwillige Austritt erfolgt durch schriftliche K\u00fcndigung an den Vorstand. Er ist nur zum Schluss eines Kalen\u00adderjahres zul\u00e4ssig, unter Einhaltung einer Austrittsfrist von drei Monaten. F\u00fcr die Rechtzeitigkeit der Austrittserkl\u00e4rung ist der Zugang beim Ersten Vorsitzenden des Vereins ma\u00dfge\u00adbend.<br \/>\nDer Ausschluss eines Mitglieds kann vom Vorstand ausgesprochen werden, wenn es in grober Weise gegen die Satzung oder den sich daraus ergebenden Pflichten verst\u00f6\u00dft oder in sonstiger Weise gegen die Interessen des Vereins sowie gegen rechtm\u00e4\u00dfi\u00adge Beschl\u00fcsse und Anordnungen der Vereinsorgane handelt. Gegen den Ausschluss des Mitgliedes kann dieses innerhalb von vier Wochen Einspruch zur Mitgliederversammlung erheben. Die Einspruchsfrist beginnt vier Tage nach Absendung des Briefes. \u00dcber den Einspruch entscheidet die Mitgliederversammlung end\u00adg\u00fcltig.<\/li>\n<li>Das ausscheidende Mitglied hat keinen Anspruch auf das Ver\u00adeinsverm\u00f6gen. Die Eintreibung r\u00fcckst\u00e4ndiger Mitgliedsbeitr\u00e4ge bleibt vorbehalten.<\/li>\n<\/ol>\n<p><strong>\u00a7 4 <\/strong><span style=\"text-decoration: underline;\">Beitr\u00e4ge<\/span><\/p>\n<ol>\n<li>Von den Mitgliedern werden Monatsbeitr\u00e4ge erhoben.<\/li>\n<li>H\u00f6he und F\u00e4lligkeit der Beitr\u00e4ge sind von der Mitgliederver\u00adsammlung zu beschlie\u00dfen.<\/li>\n<li>Beitr\u00e4ge und Umlagen dienen ausschlie\u00dflich dem Vereinszweck.<\/li>\n<\/ol>\n<p><strong>\u00a7 5 <\/strong><span style=\"text-decoration: underline;\">Vereinsorgane<\/span><\/p>\n<p>Die Organe des Vereins sind:<\/p>\n<ol>\n<li>Die Mitgliederversammlung<\/li>\n<li>Der Vorstand<\/li>\n<li>Der Ausschuss<\/li>\n<\/ol>\n<p><strong>\u00a7 6 <\/strong><span style=\"text-decoration: underline;\">Vorstand<\/span><\/p>\n<ol>\n<li>Der Vorstand z\u00e4hlt bis zu 7 Mitglieder und besteht aus:<br \/>\na) dem Ersten Vorsitzenden<br \/>\nb) dem Zweiten Vorsitzenden als dessen Stellvertreter<br \/>\nc) dem Schriftf\u00fchrer<br \/>\nd) dem Kassierer<br \/>\ne) bis zu drei weiteren Vorstandsmitgliedern<\/li>\n<li>Mitglieder des Vorstandes k\u00f6nnen nur nat\u00fcrliche Personen sein, die Mitglieder des Vereins sind oder die ein Mitglied als Inhaber, Teilhaber, Prokurist oder in anderer juristi\u00adscher Weise vertreten.<\/li>\n<li>Die Mitglieder des Vorstandes werden, und zwar jedes einzel\u00adne f\u00fcr sein Amt, von der Mitgliederversammlung f\u00fcr die Dauer von drei Jahren mit einfacher Mehrheit gew\u00e4hlt. Ihr Amt dau\u00adert bis zur Durchf\u00fchrung einer Neuwahl fort.<\/li>\n<li>Die Vorstandsmitglieder sind einzeln vertretungsberechtigt.<\/li>\n<li>Die Bestellung eines Vorstandsmitgliedes, kann von der Mit\u00adgliederversammlung jederzeit aus wichtigem Grund (\u00a7 27 BGB) widerrufen werden.<\/li>\n<li>Vorstand im Sinne des Gesetzes sind der Erste und Zweite Vorsitzende. Sie sind nur zusammen vertretungsberechtigt.<\/li>\n<\/ol>\n<p><strong>\u00a7 7 <\/strong><span style=\"text-decoration: underline;\">Aufgaben des Vorstandes<\/span><\/p>\n<ol>\n<li>Dem Vorstand obliegt die Leitung des Vereins im Rahmen der Satzung und nach Ma\u00dfgabe der Beschl\u00fcsse der Mitgliederver\u00adsammlung.<\/li>\n<li>Der Erste Vorsitzende ist der Inhaber des h\u00f6chsten Verein\u00adsamtes. Er f\u00fchrt den Vorsitz in der Mitgliederversammlung und im Vorstand.<\/li>\n<li>Der Vorstand ist beschlussf\u00e4hig, wenn alle Mitglieder einge\u00adladen und mindestens mehr als die H\u00e4lfte der Mitglieder an\u00adwesend sind. Der Vorstand entscheidet mit einfacher Stimmen\u00admehrheit. \u00dcber s\u00e4mtliche Beschl\u00fcsse des Vorstandes sind schriftliche Aufzeichnungen anzufertigen.<\/li>\n<\/ol>\n<p><strong>\u00a7 8 <\/strong><span style=\"text-decoration: underline;\">Mitgliederversammlung<\/span><\/p>\n<ol>\n<li>Die Mitgliederversammlung wird vom Vorstand nach Bedarf, mindestens jedoch einmal im Gesch\u00e4ftsjahr unter Einhaltung einer Frist von mindestens zwei Wochen einberufen. Die Frist beginnt einen Tag nach Absendung der Ladung an die dem Ver\u00adein letztbekannte Adresse der Mitglieder.<br \/>\nWeitere Mitgliederversammlungen sind vom Vorstand nach Be\u00addarf der auf schriftlichen Antrag von 1\/5 der Mitglieder einzuberufen. Die Einladung muss schriftlich unter Angabe der Tagesordnung erfolgen.<\/li>\n<li>Der Mitgliederversammlung sind folgende Aufgaben vorbehal\u00adten:<br \/>\na) Entgegennahme und Genehmigung des schriftlichen Jahres\u00adberichts des Vorstands und des Rechnungsabschlusses<br \/>\nb) Entlastung des Vorstandes<br \/>\nc) die Bestellung und Amtsenthebung der Mitglieder des Vor\u00adstandes<br \/>\nd) die Beschlussfassung \u00fcber den Etat<br \/>\ne) die Entscheidung \u00fcber den Einspruch gegen den Ausschluss der Mitgliedschaft<br \/>\nf) die Beschlussfassung \u00fcber die Beitragsordnung und deren \u00c4nderung<br \/>\ng) Beschlussfassung \u00fcber die Aufl\u00f6sung des Vereins<br \/>\nh) Beschlussfassung \u00fcber alle sonstigen Antr\u00e4ge<\/li>\n<li>Die Mitgliederversammlung beschlie\u00dft mit einfacher Mehrheit der anwesenden Mitglieder.<br \/>\nJedes Mitglied hat eine Stimme. Stimmengleichheit gilt als Ablehnung.<\/li>\n<li>Zu Satzungs\u00e4nderungen und zur Aufl\u00f6sung des Vereins ist eine Stimmenmehrheit von \u00be der erschienenen, g\u00fcltig abstimmenden Mitglieder erforderlich.<\/li>\n<li>\u00dcber die Beschl\u00fcsse der Mitgliederversammlung ist ein Proto\u00adkoll aufzunehmen, das vom Schriftf\u00fchrer und von dem die Ver\u00adsammlung leitenden Vorsitzenden zu unterzeichnen ist. Die Einsichtnahme in dieses Protokoll ist jedem Mitglied gestat\u00adtet .<\/li>\n<\/ol>\n<p><strong>\u00a7 9 <\/strong><span style=\"text-decoration: underline;\">Aussch\u00fcsse<\/span><\/p>\n<p>Zur Erf\u00fcllung besonderer Aufgaben des Vereins oder zur Unter\u00adst\u00fctzung des Vorstandes k\u00f6nnen durch den Vorstand Aussch\u00fcsse eingesetzt werden, die nicht Mitglieder des Vorstandes sein m\u00fcssen. Sie werden nach Zahl und Zeit vom Vorstand bestellt. Der Ausschuss untersteht dem Vorstand. Der Ausschuss fasst seine Beschl\u00fcsse mit einfacher Mehrheit; die Beschl\u00fcsse bed\u00fcrfen zur Wirksamkeit der Zustimmung des Vorstandes.<\/p>\n<p><span style=\"text-decoration: underline;\">Aufl\u00f6sung des Vereins<\/span><\/p>\n<p>Die Aufl\u00f6sung des Vereins kann nur in einer Mitgliederversamm\u00adlung mit der in \u00a7 8, Ziffer 4 festgelegten Stimmenmehrheit be\u00adschlossen werden.<\/p>\n<p>Falls die Mitgliederversammlung nichts anderes beschlie\u00dft, sind der erste Vorsitzende, der Schriftf\u00fchrer und der Kassierer zu Liquidatoren ernannt. Zur Beschlussfassung der Liquidatoren ist Einstimmigkeit erforderlich. Im \u00fcbrigen gelten die Bestimmungen des BGB (\u00a7\u00a7 47 ff). Sollte zum Zeitpunkt der Aufl\u00f6sung des Ver\u00adeins Verm\u00f6gen vorhanden sein, so ist dieses der Stadt Mannheim mit der Zweckbestimmung zu \u00fcbergeben, dass dieses Verm\u00f6gen un\u00admittelbar und ausschlie\u00dflich zur F\u00f6rderung des Handels und des Gewerbes im Bereich des Stadtteils Mannheim-Lindenhof verwendet werden muss.<\/p>\n<p>Mannheim-Lindenhof, den 08.11.1994<\/p>\n","protected":false},"excerpt":{"rendered":"<p>Satzung des Vereins \u201eInteressen-Gemeinschaft Einzelhandel Lin\u00addenhof (IGEL)&#8221; \u00a7 1 Name und Sitz Der Verein f\u00fchrt den Namen &#8220;Interessen-Gemeinschaft Einzel\u00adhandel Lindenhof e. V.&#8221;. Er soll in das Vereinsregister eingetragen werden. Der Verein hat seinen Sitz in Mannheim-Lindenhof und er\u00adstreckt seine T\u00e4tigkeit &hellip; <a href=\"https:\/\/gewerbeverein-lindenhof.de\/?page_id=326\">Continue reading <span class=\"meta-nav\">&rarr;<\/span><\/a><\/p>\n","protected":false},"author":1,"featured_media":0,"parent":0,"menu_order":6,"comment_status":"open","ping_status":"closed","template":"","meta":{"footnotes":""},"class_list":["post-326","page","type-page","status-publish","hentry"],"_links":{"self":[{"href":"https:\/\/gewerbeverein-lindenhof.de\/index.php?rest_route=\/wp\/v2\/pages\/326","targetHints":{"allow":["GET"]}}],"collection":[{"href":"https:\/\/gewerbeverein-lindenhof.de\/index.php?rest_route=\/wp\/v2\/pages"}],"about":[{"href":"https:\/\/gewerbeverein-lindenhof.de\/index.php?rest_route=\/wp\/v2\/types\/page"}],"author":[{"embeddable":true,"href":"https:\/\/gewerbeverein-lindenhof.de\/index.php?rest_route=\/wp\/v2\/users\/1"}],"replies":[{"embeddable":true,"href":"https:\/\/gewerbeverein-lindenhof.de\/index.php?rest_route=%2Fwp%2Fv2%2Fcomments&post=326"}],"version-history":[{"count":13,"href":"https:\/\/gewerbeverein-lindenhof.de\/index.php?rest_route=\/wp\/v2\/pages\/326\/revisions"}],"predecessor-version":[{"id":356,"href":"https:\/\/gewerbeverein-lindenhof.de\/index.php?rest_route=\/wp\/v2\/pages\/326\/revisions\/356"}],"wp:attachment":[{"href":"https:\/\/gewerbeverein-lindenhof.de\/index.php?rest_route=%2Fwp%2Fv2%2Fmedia&parent=326"}],"curies":[{"name":"wp","href":"https:\/\/api.w.org\/{rel}","templated":true}]}}